{"id":14763,"date":"2022-11-30T08:19:44","date_gmt":"2022-11-30T12:19:44","guid":{"rendered":"https:\/\/2811global.com\/ueber-uns\/"},"modified":"2023-08-08T18:34:34","modified_gmt":"2023-08-08T22:34:34","slug":"ueber-uns","status":"publish","type":"page","link":"https:\/\/2811global.com\/de\/ueber-uns\/","title":{"rendered":"\u00dcber uns"},"content":{"rendered":"\t\t<div data-elementor-type=\"wp-page\" data-elementor-id=\"14763\" class=\"elementor elementor-14763 elementor-5524\" data-elementor-post-type=\"page\">\n\t\t\t\t\t\t\t<div data-particle_enable=\"false\" data-particle-mobile-disabled=\"false\" class=\"elementor-element elementor-element-a930d48 e-flex e-con-boxed e-con\" data-id=\"a930d48\" data-element_type=\"container\" data-settings=\"{&quot;background_background&quot;:&quot;classic&quot;,&quot;jet_parallax_layout_list&quot;:[],&quot;content_width&quot;:&quot;boxed&quot;}\">\n\t\t\t\t\t<div class=\"e-con-inner\">\n\t\t<div data-particle_enable=\"false\" data-particle-mobile-disabled=\"false\" class=\"elementor-element elementor-element-26193ce e-con-full e-flex e-con\" data-id=\"26193ce\" data-element_type=\"container\" data-settings=\"{&quot;content_width&quot;:&quot;full&quot;,&quot;jet_parallax_layout_list&quot;:[]}\">\n\t\t\t\t<\/div>\n\t\t\t\t\t<\/div>\n\t\t\t\t<\/div>\n\t\t<div data-particle_enable=\"false\" data-particle-mobile-disabled=\"false\" class=\"elementor-element elementor-element-e92c95d e-flex e-con-boxed e-con\" data-id=\"e92c95d\" data-element_type=\"container\" data-settings=\"{&quot;jet_parallax_layout_list&quot;:[],&quot;background_background&quot;:&quot;classic&quot;,&quot;content_width&quot;:&quot;boxed&quot;}\">\n\t\t\t\t\t<div class=\"e-con-inner\">\n\t\t<div data-particle_enable=\"false\" data-particle-mobile-disabled=\"false\" class=\"elementor-element elementor-element-9093dab e-con-full e-flex e-con\" data-id=\"9093dab\" data-element_type=\"container\" data-settings=\"{&quot;content_width&quot;:&quot;full&quot;,&quot;jet_parallax_layout_list&quot;:[]}\">\n\t\t\t\t<div class=\"elementor-element elementor-element-350eac9 elementor-widget elementor-widget-heading\" data-id=\"350eac9\" data-element_type=\"widget\" data-widget_type=\"heading.default\">\n\t\t\t\t<div class=\"elementor-widget-container\">\n\t\t\t<style>\/*! elementor - v3.15.0 - 09-08-2023 *\/\n.elementor-heading-title{padding:0;margin:0;line-height:1}.elementor-widget-heading .elementor-heading-title[class*=elementor-size-]>a{color:inherit;font-size:inherit;line-height:inherit}.elementor-widget-heading .elementor-heading-title.elementor-size-small{font-size:15px}.elementor-widget-heading .elementor-heading-title.elementor-size-medium{font-size:19px}.elementor-widget-heading .elementor-heading-title.elementor-size-large{font-size:29px}.elementor-widget-heading .elementor-heading-title.elementor-size-xl{font-size:39px}.elementor-widget-heading .elementor-heading-title.elementor-size-xxl{font-size:59px}<\/style><h1 class=\"elementor-heading-title elementor-size-default\">Geschichte<\/h1>\t\t<\/div>\n\t\t\t\t<\/div>\n\t\t\t\t<div class=\"elementor-element elementor-element-e924109 elementor-widget__width-initial elementor-widget elementor-widget-text-editor\" data-id=\"e924109\" data-element_type=\"widget\" data-widget_type=\"text-editor.default\">\n\t\t\t\t<div class=\"elementor-widget-container\">\n\t\t\t<style>\/*! elementor - v3.15.0 - 09-08-2023 *\/\n.elementor-widget-text-editor.elementor-drop-cap-view-stacked .elementor-drop-cap{background-color:#69727d;color:#fff}.elementor-widget-text-editor.elementor-drop-cap-view-framed .elementor-drop-cap{color:#69727d;border:3px solid;background-color:transparent}.elementor-widget-text-editor:not(.elementor-drop-cap-view-default) .elementor-drop-cap{margin-top:8px}.elementor-widget-text-editor:not(.elementor-drop-cap-view-default) .elementor-drop-cap-letter{width:1em;height:1em}.elementor-widget-text-editor .elementor-drop-cap{float:left;text-align:center;line-height:1;font-size:50px}.elementor-widget-text-editor .elementor-drop-cap-letter{display:inline-block}<\/style>\t\t\t\t<p>Zum ersten Mal in der Geschichte ersch\u00f6pfte Chile am 28. November 2015 seine nat\u00fcrlichen Ressourcen, die einem Jahr entsprachen, und begann, die nat\u00fcrlichen Ressourcen k\u00fcnftiger Generationen auszugeben. Dieser Meilenstein ohne Wiederkehr inspirierte 2016 die Gr\u00fcndung von 2811, einer Plattform f\u00fcr sozialen Wandel, die in Chile, Deutschland, Kolumbien, Brasilien und den Vereinigten Staaten gegr\u00fcndet wurde. <\/p>\n\t\t\t\t\t\t<\/div>\n\t\t\t\t<\/div>\n\t\t\t\t<\/div>\n\t\t\t\t\t<\/div>\n\t\t\t\t<\/div>\n\t\t<div data-particle_enable=\"false\" data-particle-mobile-disabled=\"false\" class=\"elementor-element elementor-element-c9b9077 e-flex e-con-boxed e-con\" data-id=\"c9b9077\" data-element_type=\"container\" data-settings=\"{&quot;jet_parallax_layout_list&quot;:[],&quot;background_background&quot;:&quot;classic&quot;,&quot;content_width&quot;:&quot;boxed&quot;}\">\n\t\t\t\t\t<div class=\"e-con-inner\">\n\t\t<div data-particle_enable=\"false\" data-particle-mobile-disabled=\"false\" class=\"elementor-element elementor-element-e13a696 e-con-full e-flex e-con\" data-id=\"e13a696\" data-element_type=\"container\" data-settings=\"{&quot;content_width&quot;:&quot;full&quot;,&quot;jet_parallax_layout_list&quot;:[]}\">\n\t\t\t\t<div class=\"elementor-element elementor-element-67a7c49 elementor-widget elementor-widget-heading\" data-id=\"67a7c49\" data-element_type=\"widget\" data-widget_type=\"heading.default\">\n\t\t\t\t<div class=\"elementor-widget-container\">\n\t\t\t<h2 class=\"elementor-heading-title elementor-size-default\">Zweck<\/h2>\t\t<\/div>\n\t\t\t\t<\/div>\n\t\t\t\t<div class=\"elementor-element elementor-element-d1f0b4a elementor-widget__width-initial elementor-widget elementor-widget-text-editor\" data-id=\"d1f0b4a\" data-element_type=\"widget\" data-widget_type=\"text-editor.default\">\n\t\t\t\t<div class=\"elementor-widget-container\">\n\t\t\t\t\t\t\t<p>Seit 2811 sind wir bestrebt, \u00d6kosysteme der Innovation und des sozialen Unternehmertums zu st\u00e4rken, die es uns erm\u00f6glichen, sektor\u00fcbergreifende, systemische und nachhaltige L\u00f6sungen f\u00fcr die dringendsten Herausforderungen von heute anzubieten. Wir streben eine radikale Zusammenarbeit an, Hand in Hand mit Organisationen und Gruppen mit unterschiedlichen Erfahrungen und Hintergr\u00fcnden, die zu Sektoren geh\u00f6ren, die offen daf\u00fcr sind, voneinander zu lernen, wie z. B. Wissenschaft, Wirtschaft und humanit\u00e4re Hilfe. Wir sind der Kanal, \u00fcber den Beziehungen strukturiert werden k\u00f6nnen, die Ver\u00e4nderungen unterst\u00fctzen, sowohl regional als auch global.<\/p>\n\t\t\t\t\t\t<\/div>\n\t\t\t\t<\/div>\n\t\t\t\t<div class=\"elementor-element elementor-element-f9bf529 elementor-widget elementor-widget-image\" data-id=\"f9bf529\" data-element_type=\"widget\" data-widget_type=\"image.default\">\n\t\t\t\t<div class=\"elementor-widget-container\">\n\t\t\t<style>\/*! elementor - v3.15.0 - 09-08-2023 *\/\n.elementor-widget-image{text-align:center}.elementor-widget-image a{display:inline-block}.elementor-widget-image a img[src$=\".svg\"]{width:48px}.elementor-widget-image img{vertical-align:middle;display:inline-block}<\/style>\t\t\t\t\t\t\t\t\t\t\t\t<img decoding=\"async\" width=\"1024\" height=\"576\" src=\"https:\/\/2811global.com\/wp-content\/uploads\/2022\/11\/Mesa-de-trabajo-1-1024x576.png\" class=\"attachment-large size-large wp-image-5617\" alt=\"\" srcset=\"https:\/\/2811global.com\/wp-content\/uploads\/2022\/11\/Mesa-de-trabajo-1-1024x576.png 1024w, https:\/\/2811global.com\/wp-content\/uploads\/2022\/11\/Mesa-de-trabajo-1-500x281.png 500w, https:\/\/2811global.com\/wp-content\/uploads\/2022\/11\/Mesa-de-trabajo-1-768x432.png 768w, https:\/\/2811global.com\/wp-content\/uploads\/2022\/11\/Mesa-de-trabajo-1-1536x864.png 1536w, https:\/\/2811global.com\/wp-content\/uploads\/2022\/11\/Mesa-de-trabajo-1-18x10.png 18w, https:\/\/2811global.com\/wp-content\/uploads\/2022\/11\/Mesa-de-trabajo-1.png 1920w\" sizes=\"(max-width: 1024px) 100vw, 1024px\" \/>\t\t\t\t\t\t\t\t\t\t\t\t\t\t\t<\/div>\n\t\t\t\t<\/div>\n\t\t\t\t<\/div>\n\t\t\t\t\t<\/div>\n\t\t\t\t<\/div>\n\t\t<div data-particle_enable=\"false\" data-particle-mobile-disabled=\"false\" class=\"elementor-element elementor-element-de27bbf e-flex e-con-boxed e-con\" data-id=\"de27bbf\" data-element_type=\"container\" data-settings=\"{&quot;jet_parallax_layout_list&quot;:[],&quot;background_background&quot;:&quot;classic&quot;,&quot;content_width&quot;:&quot;boxed&quot;}\">\n\t\t\t\t\t<div class=\"e-con-inner\">\n\t\t<div data-particle_enable=\"false\" data-particle-mobile-disabled=\"false\" class=\"elementor-element elementor-element-40abfa8 e-con-full e-flex e-con\" data-id=\"40abfa8\" data-element_type=\"container\" data-settings=\"{&quot;content_width&quot;:&quot;full&quot;,&quot;jet_parallax_layout_list&quot;:[]}\">\n\t\t\t\t<div class=\"elementor-element elementor-element-4b5e43a elementor-widget elementor-widget-heading\" data-id=\"4b5e43a\" data-element_type=\"widget\" data-widget_type=\"heading.default\">\n\t\t\t\t<div class=\"elementor-widget-container\">\n\t\t\t<h2 class=\"elementor-heading-title elementor-size-default\">Ausr\u00fcstung<\/h2>\t\t<\/div>\n\t\t\t\t<\/div>\n\t\t\t\t<div class=\"elementor-element elementor-element-9c09b92 equipo11 ha-advanced-tooltip-top premium-cursor-icon premium-gbadge-stripe premium-gbadge-row premium-gbadge-right premium-gbadge-top elementor-widget elementor-widget-jet-listing-grid\" data-id=\"9c09b92\" data-element_type=\"widget\" data-settings=\"{&quot;columns&quot;:&quot;4&quot;,&quot;columns_tablet&quot;:&quot;2&quot;,&quot;columns_mobile&quot;:&quot;1&quot;}\" data-widget_type=\"jet-listing-grid.default\">\n\t\t\t\t<div class=\"elementor-widget-container\">\n\t\t\t<div class=\"jet-listing-grid jet-listing\"><div class=\"jet-listing-not-found jet-listing-grid__items\" data-nav=\"{&quot;enabled&quot;:false,&quot;type&quot;:null,&quot;more_el&quot;:null,&quot;query&quot;:[],&quot;widget_settings&quot;:{&quot;lisitng_id&quot;:2199,&quot;posts_num&quot;:40,&quot;columns&quot;:4,&quot;columns_tablet&quot;:2,&quot;columns_mobile&quot;:1,&quot;is_archive_template&quot;:&quot;&quot;,&quot;post_status&quot;:[&quot;publish&quot;],&quot;use_random_posts_num&quot;:&quot;&quot;,&quot;max_posts_num&quot;:9,&quot;not_found_message&quot;:&quot;No data was found&quot;,&quot;is_masonry&quot;:false,&quot;equal_columns_height&quot;:&quot;&quot;,&quot;use_load_more&quot;:&quot;&quot;,&quot;load_more_id&quot;:&quot;&quot;,&quot;load_more_type&quot;:&quot;click&quot;,&quot;load_more_offset&quot;:{&quot;unit&quot;:&quot;px&quot;,&quot;size&quot;:0,&quot;sizes&quot;:[]},&quot;use_custom_post_types&quot;:&quot;&quot;,&quot;custom_post_types&quot;:[],&quot;hide_widget_if&quot;:&quot;&quot;,&quot;carousel_enabled&quot;:&quot;&quot;,&quot;slides_to_scroll&quot;:&quot;1&quot;,&quot;arrows&quot;:&quot;true&quot;,&quot;arrow_icon&quot;:&quot;fa fa-angle-left&quot;,&quot;dots&quot;:&quot;&quot;,&quot;autoplay&quot;:&quot;true&quot;,&quot;autoplay_speed&quot;:33000,&quot;infinite&quot;:&quot;true&quot;,&quot;center_mode&quot;:&quot;&quot;,&quot;effect&quot;:&quot;slide&quot;,&quot;speed&quot;:500,&quot;inject_alternative_items&quot;:&quot;&quot;,&quot;injection_items&quot;:[],&quot;scroll_slider_enabled&quot;:&quot;&quot;,&quot;scroll_slider_on&quot;:[&quot;desktop&quot;,&quot;tablet&quot;,&quot;mobile&quot;],&quot;custom_query&quot;:false,&quot;custom_query_id&quot;:&quot;&quot;,&quot;_element_id&quot;:&quot;&quot;}}\" >No data was found<\/div><\/div>\t\t<\/div>\n\t\t\t\t<\/div>\n\t\t\t\t<\/div>\n\t\t\t\t\t<\/div>\n\t\t\t\t<\/div>\n\t\t\t\t\t\t\t<\/div>\n\t\t","protected":false},"excerpt":{"rendered":"<p>Geschichte Zum ersten Mal in der Geschichte ersch\u00f6pfte Chile am 28. November 2015 seine nat\u00fcrlichen Ressourcen, die einem Jahr entsprachen, und begann, die nat\u00fcrlichen Ressourcen k\u00fcnftiger Generationen auszugeben. Dieser Meilenstein ohne Wiederkehr inspirierte 2016 die Gr\u00fcndung von 2811, einer Plattform f\u00fcr sozialen Wandel, die in Chile, Deutschland, Kolumbien, Brasilien und den Vereinigten Staaten gegr\u00fcndet wurde. &hellip;<\/p>\n<p class=\"read-more\"> <a class=\"\" href=\"https:\/\/2811global.com\/de\/ueber-uns\/\"> <span class=\"screen-reader-text\">\u00dcber uns<\/span> Weiterlesen &raquo;<\/a><\/p>\n","protected":false},"author":1,"featured_media":0,"parent":0,"menu_order":0,"comment_status":"closed","ping_status":"closed","template":"","meta":{"site-sidebar-layout":"no-sidebar","site-content-layout":"page-builder","ast-site-content-layout":"","site-content-style":"default","site-sidebar-style":"default","ast-global-header-display":"","ast-banner-title-visibility":"","ast-main-header-display":"","ast-hfb-above-header-display":"","ast-hfb-below-header-display":"","ast-hfb-mobile-header-display":"","site-post-title":"disabled","ast-breadcrumbs-content":"","ast-featured-img":"disabled","footer-sml-layout":"","theme-transparent-header-meta":"","adv-header-id-meta":"","stick-header-meta":"","header-above-stick-meta":"","header-main-stick-meta":"","header-below-stick-meta":"","astra-migrate-meta-layouts":"","footnotes":""},"yoast_head":"<!-- This site is optimized with the Yoast SEO Premium plugin v20.3 (Yoast SEO v21.1) - https:\/\/yoast.com\/wordpress\/plugins\/seo\/ -->\n<title>\u00dcber uns | 2811global<\/title>\n<meta name=\"description\" content=\"2811 ist eine globale Plattform, die sich f\u00fcr \u00f6kologische, wirtschaftliche und soziale Erneuerung durch Innovation einsetzt.\" \/>\n<meta name=\"robots\" content=\"index, follow, max-snippet:-1, max-image-preview:large, max-video-preview:-1\" \/>\n<link rel=\"canonical\" href=\"https:\/\/2811global.com\/de\/ueber-uns\/\" \/>\n<meta property=\"og:locale\" content=\"de_DE\" \/>\n<meta property=\"og:type\" content=\"article\" \/>\n<meta property=\"og:title\" content=\"\u00dcber uns\" \/>\n<meta property=\"og:description\" content=\"2811 ist eine globale Plattform, die sich f\u00fcr \u00f6kologische, wirtschaftliche und soziale Erneuerung durch Innovation einsetzt.\" \/>\n<meta property=\"og:url\" content=\"https:\/\/2811global.com\/de\/ueber-uns\/\" \/>\n<meta property=\"og:site_name\" content=\"2811global\" \/>\n<meta property=\"article:modified_time\" content=\"2023-08-08T22:34:34+00:00\" \/>\n<meta property=\"og:image\" content=\"https:\/\/2811global.com\/wp-content\/uploads\/2022\/11\/Mesa-de-trabajo-1-1024x576.png\" \/>\n<meta name=\"twitter:card\" content=\"summary_large_image\" \/>\n<meta name=\"twitter:label1\" content=\"Gesch\u00e4tzte Lesezeit\" \/>\n\t<meta name=\"twitter:data1\" content=\"1\u00a0Minute\" \/>\n<script type=\"application\/ld+json\" class=\"yoast-schema-graph\">{\"@context\":\"https:\/\/schema.org\",\"@graph\":[{\"@type\":\"WebPage\",\"@id\":\"https:\/\/2811global.com\/de\/ueber-uns\/\",\"url\":\"https:\/\/2811global.com\/de\/ueber-uns\/\",\"name\":\"\u00dcber uns | 2811global\",\"isPartOf\":{\"@id\":\"https:\/\/2811global.com\/de\/#website\"},\"datePublished\":\"2022-11-30T12:19:44+00:00\",\"dateModified\":\"2023-08-08T22:34:34+00:00\",\"description\":\"2811 ist eine globale Plattform, die sich f\u00fcr \u00f6kologische, wirtschaftliche und soziale Erneuerung durch Innovation einsetzt.\",\"breadcrumb\":{\"@id\":\"https:\/\/2811global.com\/de\/ueber-uns\/#breadcrumb\"},\"inLanguage\":\"de\",\"potentialAction\":[{\"@type\":\"ReadAction\",\"target\":[\"https:\/\/2811global.com\/de\/ueber-uns\/\"]}]},{\"@type\":\"BreadcrumbList\",\"@id\":\"https:\/\/2811global.com\/de\/ueber-uns\/#breadcrumb\",\"itemListElement\":[{\"@type\":\"ListItem\",\"position\":1,\"name\":\"Home\",\"item\":\"https:\/\/2811global.com\/de\/\"},{\"@type\":\"ListItem\",\"position\":2,\"name\":\"\u00dcber uns\"}]},{\"@type\":\"WebSite\",\"@id\":\"https:\/\/2811global.com\/de\/#website\",\"url\":\"https:\/\/2811global.com\/de\/\",\"name\":\"2811global\",\"description\":\"Creemos en la capacidad de las personas de co-crear un mejor futuro.\",\"publisher\":{\"@id\":\"https:\/\/2811global.com\/de\/#organization\"},\"potentialAction\":[{\"@type\":\"SearchAction\",\"target\":{\"@type\":\"EntryPoint\",\"urlTemplate\":\"https:\/\/2811global.com\/de\/?s={search_term_string}\"},\"query-input\":\"required name=search_term_string\"}],\"inLanguage\":\"de\"},{\"@type\":\"Organization\",\"@id\":\"https:\/\/2811global.com\/de\/#organization\",\"name\":\"2811\",\"url\":\"https:\/\/2811global.com\/de\/\",\"logo\":{\"@type\":\"ImageObject\",\"inLanguage\":\"de\",\"@id\":\"https:\/\/2811global.com\/de\/#\/schema\/logo\/image\/\",\"url\":\"https:\/\/2811global.com\/wp-content\/uploads\/2022\/10\/LogoHeader2811.png\",\"contentUrl\":\"https:\/\/2811global.com\/wp-content\/uploads\/2022\/10\/LogoHeader2811.png\",\"width\":187,\"height\":60,\"caption\":\"2811\"},\"image\":{\"@id\":\"https:\/\/2811global.com\/de\/#\/schema\/logo\/image\/\"}}]}<\/script>\n<!-- \/ Yoast SEO Premium plugin. -->","yoast_head_json":{"title":"\u00dcber uns | 2811global","description":"2811 ist eine globale Plattform, die sich f\u00fcr \u00f6kologische, wirtschaftliche und soziale Erneuerung durch Innovation einsetzt.","robots":{"index":"index","follow":"follow","max-snippet":"max-snippet:-1","max-image-preview":"max-image-preview:large","max-video-preview":"max-video-preview:-1"},"canonical":"https:\/\/2811global.com\/de\/ueber-uns\/","og_locale":"de_DE","og_type":"article","og_title":"\u00dcber uns","og_description":"2811 ist eine globale Plattform, die sich f\u00fcr \u00f6kologische, wirtschaftliche und soziale Erneuerung durch Innovation einsetzt.","og_url":"https:\/\/2811global.com\/de\/ueber-uns\/","og_site_name":"2811global","article_modified_time":"2023-08-08T22:34:34+00:00","og_image":[{"url":"https:\/\/2811global.com\/wp-content\/uploads\/2022\/11\/Mesa-de-trabajo-1-1024x576.png"}],"twitter_card":"summary_large_image","twitter_misc":{"Gesch\u00e4tzte Lesezeit":"1\u00a0Minute"},"schema":{"@context":"https:\/\/schema.org","@graph":[{"@type":"WebPage","@id":"https:\/\/2811global.com\/de\/ueber-uns\/","url":"https:\/\/2811global.com\/de\/ueber-uns\/","name":"\u00dcber uns | 2811global","isPartOf":{"@id":"https:\/\/2811global.com\/de\/#website"},"datePublished":"2022-11-30T12:19:44+00:00","dateModified":"2023-08-08T22:34:34+00:00","description":"2811 ist eine globale Plattform, die sich f\u00fcr \u00f6kologische, wirtschaftliche und soziale Erneuerung durch Innovation einsetzt.","breadcrumb":{"@id":"https:\/\/2811global.com\/de\/ueber-uns\/#breadcrumb"},"inLanguage":"de","potentialAction":[{"@type":"ReadAction","target":["https:\/\/2811global.com\/de\/ueber-uns\/"]}]},{"@type":"BreadcrumbList","@id":"https:\/\/2811global.com\/de\/ueber-uns\/#breadcrumb","itemListElement":[{"@type":"ListItem","position":1,"name":"Home","item":"https:\/\/2811global.com\/de\/"},{"@type":"ListItem","position":2,"name":"\u00dcber uns"}]},{"@type":"WebSite","@id":"https:\/\/2811global.com\/de\/#website","url":"https:\/\/2811global.com\/de\/","name":"2811global","description":"Creemos en la capacidad de las personas de co-crear un mejor futuro.","publisher":{"@id":"https:\/\/2811global.com\/de\/#organization"},"potentialAction":[{"@type":"SearchAction","target":{"@type":"EntryPoint","urlTemplate":"https:\/\/2811global.com\/de\/?s={search_term_string}"},"query-input":"required name=search_term_string"}],"inLanguage":"de"},{"@type":"Organization","@id":"https:\/\/2811global.com\/de\/#organization","name":"2811","url":"https:\/\/2811global.com\/de\/","logo":{"@type":"ImageObject","inLanguage":"de","@id":"https:\/\/2811global.com\/de\/#\/schema\/logo\/image\/","url":"https:\/\/2811global.com\/wp-content\/uploads\/2022\/10\/LogoHeader2811.png","contentUrl":"https:\/\/2811global.com\/wp-content\/uploads\/2022\/10\/LogoHeader2811.png","width":187,"height":60,"caption":"2811"},"image":{"@id":"https:\/\/2811global.com\/de\/#\/schema\/logo\/image\/"}}]}},"_links":{"self":[{"href":"https:\/\/2811global.com\/de\/wp-json\/wp\/v2\/pages\/14763"}],"collection":[{"href":"https:\/\/2811global.com\/de\/wp-json\/wp\/v2\/pages"}],"about":[{"href":"https:\/\/2811global.com\/de\/wp-json\/wp\/v2\/types\/page"}],"author":[{"embeddable":true,"href":"https:\/\/2811global.com\/de\/wp-json\/wp\/v2\/users\/1"}],"replies":[{"embeddable":true,"href":"https:\/\/2811global.com\/de\/wp-json\/wp\/v2\/comments?post=14763"}],"version-history":[{"count":0,"href":"https:\/\/2811global.com\/de\/wp-json\/wp\/v2\/pages\/14763\/revisions"}],"wp:attachment":[{"href":"https:\/\/2811global.com\/de\/wp-json\/wp\/v2\/media?parent=14763"}],"curies":[{"name":"wp","href":"https:\/\/api.w.org\/{rel}","templated":true}]}}